{"id":214,"date":"2025-06-04T16:08:25","date_gmt":"2025-06-04T14:08:25","guid":{"rendered":"http:\/\/www.xn--kinmaternit-dbbi.fr\/?page_id=214"},"modified":"2025-12-02T11:11:15","modified_gmt":"2025-12-02T10:11:15","slug":"massage-bebe","status":"publish","type":"page","link":"https:\/\/xn--kinmaternit-dbbi.fr\/index.php\/massage-bebe\/","title":{"rendered":"Massage B\u00e9b\u00e9"},"content":{"rendered":"\t\t<div data-elementor-type=\"wp-page\" data-elementor-id=\"214\" class=\"elementor elementor-214\">\n\t\t\t\t<div class=\"elementor-element elementor-element-6d1a9b2 e-flex e-con-boxed e-con e-parent\" data-id=\"6d1a9b2\" data-element_type=\"container\" data-e-type=\"container\">\n\t\t\t\t\t<div class=\"e-con-inner\">\n\t\t\t\t<div class=\"elementor-element elementor-element-2eb0888 elementor-widget elementor-widget-heading\" data-id=\"2eb0888\" data-element_type=\"widget\" data-e-type=\"widget\" data-widget_type=\"heading.default\">\n\t\t\t\t<div class=\"elementor-widget-container\">\n\t\t\t\t\t<h2 class=\"elementor-heading-title elementor-size-default\">Massage b\u00e9b\u00e9<\/h2>\t\t\t\t<\/div>\n\t\t\t\t<\/div>\n\t\t\t\t\t<\/div>\n\t\t\t\t<\/div>\n\t\t<div class=\"elementor-element elementor-element-ae88178 e-grid e-con-boxed e-con e-parent\" data-id=\"ae88178\" data-element_type=\"container\" data-e-type=\"container\">\n\t\t\t\t\t<div class=\"e-con-inner\">\n\t\t\t\t<div class=\"elementor-element elementor-element-6976ed0 elementor-widget elementor-widget-image\" data-id=\"6976ed0\" data-element_type=\"widget\" data-e-type=\"widget\" data-widget_type=\"image.default\">\n\t\t\t\t<div class=\"elementor-widget-container\">\n\t\t\t\t\t\t\t\t\t\t\t\t\t\t\t\t<a href=\"https:\/\/www.doctolib.fr\/masseur-kinesitherapeute\/baillet-en-france\/aurelie-binet\" target=\"_blank\">\n\t\t\t\t\t\t\t<img fetchpriority=\"high\" decoding=\"async\" width=\"768\" height=\"797\" src=\"https:\/\/xn--kinmaternit-dbbi.fr\/wp-content\/uploads\/2025\/06\/Massage-Bebe-2-768x797.png\" class=\"attachment-medium_large size-medium_large wp-image-719\" alt=\"\" srcset=\"https:\/\/xn--kinmaternit-dbbi.fr\/wp-content\/uploads\/2025\/06\/Massage-Bebe-2-768x797.png 768w, https:\/\/xn--kinmaternit-dbbi.fr\/wp-content\/uploads\/2025\/06\/Massage-Bebe-2-289x300.png 289w, https:\/\/xn--kinmaternit-dbbi.fr\/wp-content\/uploads\/2025\/06\/Massage-Bebe-2-987x1024.png 987w, https:\/\/xn--kinmaternit-dbbi.fr\/wp-content\/uploads\/2025\/06\/Massage-Bebe-2-1480x1536.png 1480w, https:\/\/xn--kinmaternit-dbbi.fr\/wp-content\/uploads\/2025\/06\/Massage-Bebe-2-1973x2048.png 1973w\" sizes=\"(max-width: 768px) 100vw, 768px\" \/>\t\t\t\t\t\t\t\t<\/a>\n\t\t\t\t\t\t\t\t\t\t\t\t\t\t\t<\/div>\n\t\t\t\t<\/div>\n\t\t\t\t<div class=\"elementor-element elementor-element-26027bc elementor-widget elementor-widget-text-editor\" data-id=\"26027bc\" data-element_type=\"widget\" data-e-type=\"widget\" data-widget_type=\"text-editor.default\">\n\t\t\t\t<div class=\"elementor-widget-container\">\n\t\t\t\t\t\t\t\t\t<p style=\"text-align: center;\"><i><span style=\"font-family: Arial, Helvetica, sans-serif;\">Bien plus qu&rsquo;un simple moment de d\u00e9tente, c&rsquo;est un v\u00e9ritable soin pour votre b\u00e9b\u00e9 et vous.<\/span><span style=\"color: #d9a4ae; font-family: minal-regular; font-size: 18pt; text-align: center;\">&nbsp;<\/span><\/i><\/p>\n<p style=\"text-align: center;\"><span style=\"color: #d9a4ae; font-family: minal-regular; font-size: 32px; text-align: start;\">Les bienfaits pour votre b\u00e9b\u00e9<\/span><span style=\"color: #d9a4ae; font-family: minal-regular; font-size: 24px;\">&nbsp;<\/span><\/p>\n<p style=\"text-align: center;\"><span style=\"color: #d9a4ae; font-family: minal-regular; font-size: 32px;\">&nbsp;<span style=\"text-align: start;\"><span style=\"font-family: Arial, Helvetica, sans-serif;\"><img decoding=\"async\" src=\"http:\/\/www.xn--kinmaternit-dbbi.fr\/wp-content\/uploads\/2025\/06\/icone-3-612b18.svg\" alt=\"\" width=\"11\" height=\"14\"> <\/span><\/span><\/span><span style=\"font-family: Arial, Helvetica, sans-serif;\"><b>Soulagement des maux courants<\/b> : coliques, gaz, reflux, tensions musculaires, troubles du sommeil.<\/span><\/p>\n<p style=\"text-align: center;\"><b style=\"font-family: Arial, Helvetica, sans-serif;\"><img decoding=\"async\" src=\"http:\/\/www.xn--kinmaternit-dbbi.fr\/wp-content\/uploads\/2025\/06\/icone-4-45674b.svg\" alt=\"\" width=\"14\" height=\"15\"> <\/b><span style=\"font-family: Arial, Helvetica, sans-serif;\"><b>D\u00e9veloppement sensoriel et moteur<\/b> : le toucher stimule les terminaisons nerveuses, am\u00e9liore la conscience corporelle et participe au bon d\u00e9veloppement psychomoteur.<\/span><\/p>\n<p style=\"text-align: center;\"><span style=\"font-family: Arial, Helvetica, sans-serif;\"><b><span style=\"text-align: start;\"><img loading=\"lazy\" decoding=\"async\" src=\"http:\/\/www.xn--kinmaternit-dbbi.fr\/wp-content\/uploads\/2025\/06\/icone-0a24c3.svg\" alt=\"\" width=\"16\" height=\"13\"> <\/span>Apaisement et relaxation<\/b> : le massage diminue la production de cortisol (hormone du stress) et favorise un meilleur sommeil.&nbsp;<\/span><\/p>\n<p style=\"text-align: center;\"><span style=\"font-family: Arial, Helvetica, sans-serif;\"><b><span style=\"color: #d9a4ae; font-family: minal-regular; font-size: 32px;\"><span style=\"text-align: start;\"><img decoding=\"async\" src=\"http:\/\/www.xn--kinmaternit-dbbi.fr\/wp-content\/uploads\/2025\/06\/icone-3-612b18.svg\" alt=\"\" width=\"11\" height=\"14\"><\/span> <\/span>Renforcement du lien b\u00e9b\u00e9-parent<\/b> : En apprenant certains gestes, vous devenez acteur du bien \u00eatre de votre enfant, renfor\u00e7ant votre connexion.<\/span><\/p>\t\t\t\t\t\t\t\t<\/div>\n\t\t\t\t<\/div>\n\t\t\t\t\t<\/div>\n\t\t\t\t<\/div>\n\t\t<div class=\"elementor-element elementor-element-73da6ca e-grid e-con-boxed e-con e-parent\" data-id=\"73da6ca\" data-element_type=\"container\" data-e-type=\"container\">\n\t\t\t\t\t<div class=\"e-con-inner\">\n\t\t\t\t<div class=\"elementor-element elementor-element-37e5760 elementor-align-center elementor-widget elementor-widget-button\" data-id=\"37e5760\" data-element_type=\"widget\" data-e-type=\"widget\" data-widget_type=\"button.default\">\n\t\t\t\t<div class=\"elementor-widget-container\">\n\t\t\t\t\t\t\t\t\t<div class=\"elementor-button-wrapper\">\n\t\t\t\t\t<a class=\"elementor-button elementor-button-link elementor-size-sm\" href=\"https:\/\/www.doctolib.fr\/masseur-kinesitherapeute\/baillet-en-france\/aurelie-binet\/booking\/new-patient?specialityId=9&#038;profile_skipped=true&#038;bookingFunnelSource=external_referral\" target=\"_blank\">\n\t\t\t\t\t\t<span class=\"elementor-button-content-wrapper\">\n\t\t\t\t\t\t\t\t\t<span class=\"elementor-button-text\">PRENDRE RDV<\/span>\n\t\t\t\t\t<\/span>\n\t\t\t\t\t<\/a>\n\t\t\t\t<\/div>\n\t\t\t\t\t\t\t\t<\/div>\n\t\t\t\t<\/div>\n\t\t\t\t\t<\/div>\n\t\t\t\t<\/div>\n\t\t<div class=\"elementor-element elementor-element-f1781b9 e-grid e-con-boxed e-con e-parent\" data-id=\"f1781b9\" data-element_type=\"container\" data-e-type=\"container\">\n\t\t\t\t\t<div class=\"e-con-inner\">\n\t\t\t\t<div class=\"elementor-element elementor-element-0eb18b8 elementor-widget elementor-widget-text-editor\" data-id=\"0eb18b8\" data-element_type=\"widget\" data-e-type=\"widget\" data-widget_type=\"text-editor.default\">\n\t\t\t\t<div class=\"elementor-widget-container\">\n\t\t\t\t\t\t\t\t\t<h4 style=\"text-align: center;\"><span style=\"font-weight: normal;\"><span style=\"font-family: Arial, Helvetica, sans-serif;\">&nbsp;<\/span><span style=\"font-size: 32px; color: #d9a4ae; font-family: minal-regular;\">Pourquoi faire appel \u00e0 notre expertise de kin\u00e9 ?<\/span><\/span><\/h4>\n<p style=\"text-align: center;\"><span style=\"color: #d9a4ae; font-family: minal-regular; font-size: 32px;\">&nbsp;<span style=\"text-align: start;\"><span style=\"font-family: Arial, Helvetica, sans-serif;\"><img decoding=\"async\" src=\"http:\/\/www.xn--kinmaternit-dbbi.fr\/wp-content\/uploads\/2025\/06\/icone-3-612b18.svg\" alt=\"\" width=\"11\" height=\"14\"> <\/span><\/span><\/span><span style=\"font-family: Arial, Helvetica, sans-serif;\"><b>Expertise anatomique et physiologique<\/b> : Chaque geste est adapt\u00e9 \u00e0 ses besoins.<\/span><\/p>\n<p style=\"text-align: center;\"><b style=\"font-family: Arial, Helvetica, sans-serif;\"><img decoding=\"async\" src=\"http:\/\/www.xn--kinmaternit-dbbi.fr\/wp-content\/uploads\/2025\/06\/icone-4-45674b.svg\" alt=\"\" width=\"14\" height=\"15\"> <\/b><span style=\"font-family: Arial, Helvetica, sans-serif;\"><b>Accompagnement personnalis\u00e9<\/b> : chaque b\u00e9b\u00e9 est unique. Nous \u00e9valuons les tensions et besoins sp\u00e9cifiques afin d&rsquo;adapter nos techniques.<\/span><\/p>\n<p style=\"text-align: center;\"><span style=\"font-family: Arial, Helvetica, sans-serif;\"><b><span style=\"text-align: start;\"><img loading=\"lazy\" decoding=\"async\" src=\"http:\/\/www.xn--kinmaternit-dbbi.fr\/wp-content\/uploads\/2025\/06\/icone-0a24c3.svg\" alt=\"\" width=\"16\" height=\"13\"> <\/span>Apprentissage en toute s\u00e9curit\u00e9<\/b> : vous apprendrez \u00e0 masser votre b\u00e9b\u00e9 dans un cadre rassurant, expliqu\u00e9s et guid\u00e9s par un professionnel.&nbsp;<\/span><\/p>\t\t\t\t\t\t\t\t<\/div>\n\t\t\t\t<\/div>\n\t\t\t\t<div class=\"elementor-element elementor-element-4f2f93e elementor-widget elementor-widget-image\" data-id=\"4f2f93e\" data-element_type=\"widget\" data-e-type=\"widget\" data-widget_type=\"image.default\">\n\t\t\t\t<div class=\"elementor-widget-container\">\n\t\t\t\t\t\t\t\t\t\t\t\t\t\t\t<img loading=\"lazy\" decoding=\"async\" width=\"930\" height=\"620\" src=\"https:\/\/xn--kinmaternit-dbbi.fr\/wp-content\/uploads\/2025\/12\/Photo-MA-montage-930x620.png\" class=\"attachment-neve-blog size-neve-blog wp-image-836\" alt=\"\" \/>\t\t\t\t\t\t\t\t\t\t\t\t\t\t\t<\/div>\n\t\t\t\t<\/div>\n\t\t\t\t\t<\/div>\n\t\t\t\t<\/div>\n\t\t<div class=\"elementor-element elementor-element-78f2562 e-flex e-con-boxed e-con e-parent\" data-id=\"78f2562\" data-element_type=\"container\" data-e-type=\"container\">\n\t\t\t\t\t<div class=\"e-con-inner\">\n\t\t\t\t<div class=\"elementor-element elementor-element-5fb1f32 elementor-align-center elementor-widget elementor-widget-button\" data-id=\"5fb1f32\" data-element_type=\"widget\" data-e-type=\"widget\" data-widget_type=\"button.default\">\n\t\t\t\t<div class=\"elementor-widget-container\">\n\t\t\t\t\t\t\t\t\t<div class=\"elementor-button-wrapper\">\n\t\t\t\t\t<a class=\"elementor-button elementor-button-link elementor-size-sm\" href=\"https:\/\/www.doctolib.fr\/masseur-kinesitherapeute\/baillet-en-france\/aurelie-binet\/booking\/new-patient?specialityId=9&#038;profile_skipped=true&#038;bookingFunnelSource=external_referral\" target=\"_blank\">\n\t\t\t\t\t\t<span class=\"elementor-button-content-wrapper\">\n\t\t\t\t\t\t\t\t\t<span class=\"elementor-button-text\">PRENDRE RDV<\/span>\n\t\t\t\t\t<\/span>\n\t\t\t\t\t<\/a>\n\t\t\t\t<\/div>\n\t\t\t\t\t\t\t\t<\/div>\n\t\t\t\t<\/div>\n\t\t\t\t\t<\/div>\n\t\t\t\t<\/div>\n\t\t<div class=\"elementor-element elementor-element-2f4aaf7 e-flex e-con-boxed e-con e-parent\" data-id=\"2f4aaf7\" data-element_type=\"container\" data-e-type=\"container\">\n\t\t\t\t\t<div class=\"e-con-inner\">\n\t\t\t\t<div class=\"elementor-element elementor-element-0329ab7 elementor-widget-divider--view-line_icon elementor-widget-divider--separator-type-pattern elementor-widget-divider--no-spacing elementor-view-default elementor-widget-divider--element-align-center elementor-widget elementor-widget-divider\" data-id=\"0329ab7\" data-element_type=\"widget\" data-e-type=\"widget\" data-widget_type=\"divider.default\">\n\t\t\t\t<div class=\"elementor-widget-container\">\n\t\t\t\t\t\t\t<div class=\"elementor-divider\" style=\"--divider-pattern-url: url(&quot;data:image\/svg+xml,%3Csvg xmlns=&#039;http:\/\/www.w3.org\/2000\/svg&#039; preserveAspectRatio=&#039;xMidYMid meet&#039; overflow=&#039;visible&#039; height=&#039;100%&#039; viewBox=&#039;0 0 120 26&#039; fill=&#039;black&#039; stroke=&#039;none&#039;%3E%3Cpath d=&#039;M11.9,15.9L11.9,15.9L0,16c-0.2-3.7,1.5-5.7,4.9-6C10,9.6,12.4,14.2,11.9,15.9zM26.9,15.9L26.9,15.9L15,16c0.5-3.7,2.5-5.7,5.9-6C26,9.6,27.4,14.2,26.9,15.9z M37.1,10c3.4,0.3,5.1,2.3,4.9,6H30.1C29.5,14.4,31.9,9.6,37.1,10z M57,15.9L57,15.9L45,16c0-3.4,1.6-5.4,4.9-5.9C54.8,9.3,57.4,14.2,57,15.9z M71.9,15.9L71.9,15.9L60,16c-0.2-3.7,1.5-5.7,4.9-6C70,9.6,72.4,14.2,71.9,15.9z M82.2,10c3.4,0.3,5,2.3,4.8,6H75.3C74,13,77.1,9.6,82.2,10zM101.9,15.9L101.9,15.9L90,16c-0.2-3.7,1.5-5.7,4.9-6C100,9.6,102.4,14.2,101.9,15.9z M112.1,10.1c2.7,0.5,4.3,2.5,4.9,5.9h-11.9l0,0C104.5,14.4,108,9.3,112.1,10.1z&#039;\/%3E%3C\/svg%3E&quot;);\">\n\t\t\t<span class=\"elementor-divider-separator\">\n\t\t\t\t\t\t\t<div class=\"elementor-icon elementor-divider__element\">\n\t\t\t\t\t<svg xmlns=\"http:\/\/www.w3.org\/2000\/svg\" id=\"Calque_1\" data-name=\"Calque 1\" viewBox=\"0 0 61.31 50.28\"><defs><style>      .cls-1 {        fill: #dadaef;      }    <\/style><\/defs><path class=\"cls-1\" d=\"M60.54,16.18c-.05-.22-.1-.43-.15-.64C56.51-.22,36.78-5.33,25.63,6.47c-6.84,7.24-12.61,10.91-16.97,13.2C2.68,22.82-.77,29.88.15,36.47c.27,1.91,1.57,3.34,3.12,4.49,4.2,3.1,14.55,8.87,25.44,9.33,2.8.06,38.22-4.12,31.84-34.1Z\"><\/path><\/svg><\/div>\n\t\t\t\t\t\t<\/span>\n\t\t<\/div>\n\t\t\t\t\t\t<\/div>\n\t\t\t\t<\/div>\n\t\t\t\t\t<\/div>\n\t\t\t\t<\/div>\n\t\t<div class=\"elementor-element elementor-element-a94ef0e e-flex e-con-boxed e-con e-parent\" data-id=\"a94ef0e\" data-element_type=\"container\" data-e-type=\"container\">\n\t\t\t\t\t<div class=\"e-con-inner\">\n\t\t\t\t<div class=\"elementor-element elementor-element-f26d9f0 elementor-widget elementor-widget-heading\" data-id=\"f26d9f0\" data-element_type=\"widget\" data-e-type=\"widget\" data-widget_type=\"heading.default\">\n\t\t\t\t<div class=\"elementor-widget-container\">\n\t\t\t\t\t<h2 class=\"elementor-heading-title elementor-size-default\"><p style=\"text-align: center\"><font face=\"minal-regular\"><span style=\"font-size: 30px\">Tarifs<\/span><\/font><\/p><\/h2>\t\t\t\t<\/div>\n\t\t\t\t<\/div>\n\t\t\t\t\t<\/div>\n\t\t\t\t<\/div>\n\t\t<div class=\"elementor-element elementor-element-0457fab e-transform e-transform e-flex e-con-boxed e-con e-parent\" data-id=\"0457fab\" data-element_type=\"container\" data-e-type=\"container\" data-settings=\"{&quot;_transform_translateX_effect_mobile&quot;:{&quot;unit&quot;:&quot;px&quot;,&quot;size&quot;:0,&quot;sizes&quot;:[]},&quot;_transform_translateY_effect_mobile&quot;:{&quot;unit&quot;:&quot;px&quot;,&quot;size&quot;:24,&quot;sizes&quot;:[]},&quot;_transform_scale_effect_mobile&quot;:{&quot;unit&quot;:&quot;px&quot;,&quot;size&quot;:1.9,&quot;sizes&quot;:[]},&quot;_transform_translateX_effect&quot;:{&quot;unit&quot;:&quot;px&quot;,&quot;size&quot;:&quot;&quot;,&quot;sizes&quot;:[]},&quot;_transform_translateX_effect_tablet&quot;:{&quot;unit&quot;:&quot;px&quot;,&quot;size&quot;:&quot;&quot;,&quot;sizes&quot;:[]},&quot;_transform_translateY_effect&quot;:{&quot;unit&quot;:&quot;px&quot;,&quot;size&quot;:&quot;&quot;,&quot;sizes&quot;:[]},&quot;_transform_translateY_effect_tablet&quot;:{&quot;unit&quot;:&quot;px&quot;,&quot;size&quot;:&quot;&quot;,&quot;sizes&quot;:[]},&quot;_transform_scale_effect&quot;:{&quot;unit&quot;:&quot;px&quot;,&quot;size&quot;:&quot;&quot;,&quot;sizes&quot;:[]},&quot;_transform_scale_effect_tablet&quot;:{&quot;unit&quot;:&quot;px&quot;,&quot;size&quot;:&quot;&quot;,&quot;sizes&quot;:[]}}\">\n\t\t\t\t\t<div class=\"e-con-inner\">\n\t\t\t\t<div class=\"elementor-element elementor-element-6b4c1ba e-transform elementor-widget elementor-widget-image\" data-id=\"6b4c1ba\" data-element_type=\"widget\" data-e-type=\"widget\" data-settings=\"{&quot;_transform_scale_effect&quot;:{&quot;unit&quot;:&quot;px&quot;,&quot;size&quot;:&quot;&quot;,&quot;sizes&quot;:[]},&quot;_transform_scale_effect_tablet&quot;:{&quot;unit&quot;:&quot;px&quot;,&quot;size&quot;:&quot;&quot;,&quot;sizes&quot;:[]},&quot;_transform_scale_effect_mobile&quot;:{&quot;unit&quot;:&quot;px&quot;,&quot;size&quot;:&quot;&quot;,&quot;sizes&quot;:[]}}\" data-widget_type=\"image.default\">\n\t\t\t\t<div class=\"elementor-widget-container\">\n\t\t\t\t\t\t\t\t\t\t\t\t\t\t\t<img loading=\"lazy\" decoding=\"async\" width=\"1024\" height=\"310\" src=\"https:\/\/xn--kinmaternit-dbbi.fr\/wp-content\/uploads\/2025\/06\/Tarifs-Bebe-1024x310.png\" class=\"attachment-large size-large wp-image-787\" alt=\"\" srcset=\"https:\/\/xn--kinmaternit-dbbi.fr\/wp-content\/uploads\/2025\/06\/Tarifs-Bebe-1024x310.png 1024w, https:\/\/xn--kinmaternit-dbbi.fr\/wp-content\/uploads\/2025\/06\/Tarifs-Bebe-300x91.png 300w, https:\/\/xn--kinmaternit-dbbi.fr\/wp-content\/uploads\/2025\/06\/Tarifs-Bebe-768x233.png 768w, https:\/\/xn--kinmaternit-dbbi.fr\/wp-content\/uploads\/2025\/06\/Tarifs-Bebe-1536x465.png 1536w, https:\/\/xn--kinmaternit-dbbi.fr\/wp-content\/uploads\/2025\/06\/Tarifs-Bebe-2048x621.png 2048w\" sizes=\"(max-width: 1024px) 100vw, 1024px\" \/>\t\t\t\t\t\t\t\t\t\t\t\t\t\t\t<\/div>\n\t\t\t\t<\/div>\n\t\t\t\t\t<\/div>\n\t\t\t\t<\/div>\n\t\t<div class=\"elementor-element elementor-element-72d39d0 e-flex e-con-boxed e-con e-parent\" data-id=\"72d39d0\" data-element_type=\"container\" data-e-type=\"container\">\n\t\t\t\t\t<div class=\"e-con-inner\">\n\t\t\t\t<div class=\"elementor-element elementor-element-b625abe elementor-widget elementor-widget-spacer\" data-id=\"b625abe\" data-element_type=\"widget\" data-e-type=\"widget\" data-widget_type=\"spacer.default\">\n\t\t\t\t<div class=\"elementor-widget-container\">\n\t\t\t\t\t\t\t<div class=\"elementor-spacer\">\n\t\t\t<div class=\"elementor-spacer-inner\"><\/div>\n\t\t<\/div>\n\t\t\t\t\t\t<\/div>\n\t\t\t\t<\/div>\n\t\t\t\t\t<\/div>\n\t\t\t\t<\/div>\n\t\t<div class=\"elementor-element elementor-element-1d24733 e-flex e-con-boxed e-con e-parent\" data-id=\"1d24733\" data-element_type=\"container\" data-e-type=\"container\">\n\t\t\t\t\t<div class=\"e-con-inner\">\n\t\t\t\t<div class=\"elementor-element elementor-element-9354d8f elementor-widget-divider--view-line_icon elementor-widget-divider--separator-type-pattern elementor-widget-divider--no-spacing elementor-view-default elementor-widget-divider--element-align-center elementor-widget elementor-widget-divider\" data-id=\"9354d8f\" data-element_type=\"widget\" data-e-type=\"widget\" data-widget_type=\"divider.default\">\n\t\t\t\t<div class=\"elementor-widget-container\">\n\t\t\t\t\t\t\t<div class=\"elementor-divider\" style=\"--divider-pattern-url: url(&quot;data:image\/svg+xml,%3Csvg xmlns=&#039;http:\/\/www.w3.org\/2000\/svg&#039; preserveAspectRatio=&#039;xMidYMid meet&#039; overflow=&#039;visible&#039; height=&#039;100%&#039; viewBox=&#039;0 0 120 26&#039; fill=&#039;black&#039; stroke=&#039;none&#039;%3E%3Cpath d=&#039;M11.9,15.9L11.9,15.9L0,16c-0.2-3.7,1.5-5.7,4.9-6C10,9.6,12.4,14.2,11.9,15.9zM26.9,15.9L26.9,15.9L15,16c0.5-3.7,2.5-5.7,5.9-6C26,9.6,27.4,14.2,26.9,15.9z M37.1,10c3.4,0.3,5.1,2.3,4.9,6H30.1C29.5,14.4,31.9,9.6,37.1,10z M57,15.9L57,15.9L45,16c0-3.4,1.6-5.4,4.9-5.9C54.8,9.3,57.4,14.2,57,15.9z M71.9,15.9L71.9,15.9L60,16c-0.2-3.7,1.5-5.7,4.9-6C70,9.6,72.4,14.2,71.9,15.9z M82.2,10c3.4,0.3,5,2.3,4.8,6H75.3C74,13,77.1,9.6,82.2,10zM101.9,15.9L101.9,15.9L90,16c-0.2-3.7,1.5-5.7,4.9-6C100,9.6,102.4,14.2,101.9,15.9z M112.1,10.1c2.7,0.5,4.3,2.5,4.9,5.9h-11.9l0,0C104.5,14.4,108,9.3,112.1,10.1z&#039;\/%3E%3C\/svg%3E&quot;);\">\n\t\t\t<span class=\"elementor-divider-separator\">\n\t\t\t\t\t\t\t<div class=\"elementor-icon elementor-divider__element\">\n\t\t\t\t\t<svg xmlns=\"http:\/\/www.w3.org\/2000\/svg\" id=\"Calque_1\" data-name=\"Calque 1\" viewBox=\"0 0 61.31 50.28\"><defs><style>      .cls-1 {        fill: #dadaef;      }    <\/style><\/defs><path class=\"cls-1\" d=\"M60.54,16.18c-.05-.22-.1-.43-.15-.64C56.51-.22,36.78-5.33,25.63,6.47c-6.84,7.24-12.61,10.91-16.97,13.2C2.68,22.82-.77,29.88.15,36.47c.27,1.91,1.57,3.34,3.12,4.49,4.2,3.1,14.55,8.87,25.44,9.33,2.8.06,38.22-4.12,31.84-34.1Z\"><\/path><\/svg><\/div>\n\t\t\t\t\t\t<\/span>\n\t\t<\/div>\n\t\t\t\t\t\t<\/div>\n\t\t\t\t<\/div>\n\t\t\t\t\t<\/div>\n\t\t\t\t<\/div>\n\t\t\t\t<\/div>\n\t\t","protected":false},"excerpt":{"rendered":"<p>Massage b\u00e9b\u00e9 Bien plus qu&rsquo;un simple moment de d\u00e9tente, c&rsquo;est un v\u00e9ritable soin pour votre b\u00e9b\u00e9 et vous.&nbsp; Les bienfaits pour votre b\u00e9b\u00e9&nbsp; &nbsp; Soulagement des maux courants : coliques, gaz, reflux, tensions musculaires, troubles du sommeil. D\u00e9veloppement sensoriel et moteur : le toucher stimule les terminaisons nerveuses, am\u00e9liore la conscience corporelle et participe au&hellip;&nbsp;<a href=\"https:\/\/xn--kinmaternit-dbbi.fr\/index.php\/massage-bebe\/\" rel=\"bookmark\"><span class=\"screen-reader-text\">Massage B\u00e9b\u00e9<\/span><\/a><\/p>\n","protected":false},"author":1,"featured_media":0,"parent":0,"menu_order":0,"comment_status":"closed","ping_status":"closed","template":"page-templates\/template-pagebuilder-full-width.php","meta":{"neve_meta_sidebar":"","neve_meta_container":"","neve_meta_enable_content_width":"","neve_meta_content_width":0,"neve_meta_title_alignment":"","neve_meta_author_avatar":"","neve_post_elements_order":"","neve_meta_disable_header":"","neve_meta_disable_footer":"","neve_meta_disable_title":"","_themeisle_gutenberg_block_has_review":false,"footnotes":""},"class_list":["post-214","page","type-page","status-publish","hentry"],"_links":{"self":[{"href":"https:\/\/xn--kinmaternit-dbbi.fr\/index.php\/wp-json\/wp\/v2\/pages\/214","targetHints":{"allow":["GET"]}}],"collection":[{"href":"https:\/\/xn--kinmaternit-dbbi.fr\/index.php\/wp-json\/wp\/v2\/pages"}],"about":[{"href":"https:\/\/xn--kinmaternit-dbbi.fr\/index.php\/wp-json\/wp\/v2\/types\/page"}],"author":[{"embeddable":true,"href":"https:\/\/xn--kinmaternit-dbbi.fr\/index.php\/wp-json\/wp\/v2\/users\/1"}],"replies":[{"embeddable":true,"href":"https:\/\/xn--kinmaternit-dbbi.fr\/index.php\/wp-json\/wp\/v2\/comments?post=214"}],"version-history":[{"count":37,"href":"https:\/\/xn--kinmaternit-dbbi.fr\/index.php\/wp-json\/wp\/v2\/pages\/214\/revisions"}],"predecessor-version":[{"id":842,"href":"https:\/\/xn--kinmaternit-dbbi.fr\/index.php\/wp-json\/wp\/v2\/pages\/214\/revisions\/842"}],"wp:attachment":[{"href":"https:\/\/xn--kinmaternit-dbbi.fr\/index.php\/wp-json\/wp\/v2\/media?parent=214"}],"curies":[{"name":"wp","href":"https:\/\/api.w.org\/{rel}","templated":true}]}}