{"id":215,"date":"2025-06-04T16:08:25","date_gmt":"2025-06-04T14:08:25","guid":{"rendered":"http:\/\/www.xn--kinmaternit-dbbi.fr\/?page_id=215"},"modified":"2025-06-18T15:19:14","modified_gmt":"2025-06-18T13:19:14","slug":"massage-californien","status":"publish","type":"page","link":"https:\/\/xn--kinmaternit-dbbi.fr\/index.php\/massage-californien\/","title":{"rendered":"Massage Californien"},"content":{"rendered":"\t\t<div data-elementor-type=\"wp-page\" data-elementor-id=\"215\" class=\"elementor elementor-215\">\n\t\t\t\t<div class=\"elementor-element elementor-element-96949e8 e-flex e-con-boxed e-con e-parent\" data-id=\"96949e8\" data-element_type=\"container\" data-e-type=\"container\">\n\t\t\t\t\t<div class=\"e-con-inner\">\n\t\t\t\t<div class=\"elementor-element elementor-element-ddb83c6 elementor-widget elementor-widget-heading\" data-id=\"ddb83c6\" data-element_type=\"widget\" data-e-type=\"widget\" data-widget_type=\"heading.default\">\n\t\t\t\t<div class=\"elementor-widget-container\">\n\t\t\t\t\t<h2 class=\"elementor-heading-title elementor-size-default\">Massage Californien<\/h2>\t\t\t\t<\/div>\n\t\t\t\t<\/div>\n\t\t\t\t\t<\/div>\n\t\t\t\t<\/div>\n\t\t<div class=\"elementor-element elementor-element-60492c5 e-grid e-con-boxed e-con e-parent\" data-id=\"60492c5\" data-element_type=\"container\" data-e-type=\"container\">\n\t\t\t\t\t<div class=\"e-con-inner\">\n\t\t\t\t<div class=\"elementor-element elementor-element-16c51eb elementor-widget elementor-widget-image\" data-id=\"16c51eb\" data-element_type=\"widget\" data-e-type=\"widget\" data-widget_type=\"image.default\">\n\t\t\t\t<div class=\"elementor-widget-container\">\n\t\t\t\t\t\t\t\t\t\t\t\t\t\t\t\t<a href=\"https:\/\/www.doctolib.fr\/masseur-kinesitherapeute\/baillet-en-france\/aurelie-binet\/booking\/new-patient?specialityId=9&#038;profile_skipped=true&#038;bookingFunnelSource=external_referral\" target=\"_blank\">\n\t\t\t\t\t\t\t<img fetchpriority=\"high\" decoding=\"async\" width=\"768\" height=\"736\" src=\"https:\/\/xn--kinmaternit-dbbi.fr\/wp-content\/uploads\/2025\/06\/Massage-Californien-2-768x736.png\" class=\"attachment-medium_large size-medium_large wp-image-734\" alt=\"\" srcset=\"https:\/\/xn--kinmaternit-dbbi.fr\/wp-content\/uploads\/2025\/06\/Massage-Californien-2-768x736.png 768w, https:\/\/xn--kinmaternit-dbbi.fr\/wp-content\/uploads\/2025\/06\/Massage-Californien-2-300x287.png 300w, https:\/\/xn--kinmaternit-dbbi.fr\/wp-content\/uploads\/2025\/06\/Massage-Californien-2-1024x981.png 1024w, https:\/\/xn--kinmaternit-dbbi.fr\/wp-content\/uploads\/2025\/06\/Massage-Californien-2-1536x1472.png 1536w, https:\/\/xn--kinmaternit-dbbi.fr\/wp-content\/uploads\/2025\/06\/Massage-Californien-2.png 1815w\" sizes=\"(max-width: 768px) 100vw, 768px\" \/>\t\t\t\t\t\t\t\t<\/a>\n\t\t\t\t\t\t\t\t\t\t\t\t\t\t\t<\/div>\n\t\t\t\t<\/div>\n\t\t\t\t<div class=\"elementor-element elementor-element-7bde513 elementor-widget elementor-widget-text-editor\" data-id=\"7bde513\" data-element_type=\"widget\" data-e-type=\"widget\" data-widget_type=\"text-editor.default\">\n\t\t\t\t<div class=\"elementor-widget-container\">\n\t\t\t\t\t\t\t\t\t<h4 style=\"text-align: center;\"><span style=\"color: #d9a4ae; font-family: minal-regular; font-size: 32px; letter-spacing: -0.7px; font-weight: normal;\">Offrez \u00e0 votre corps ce qu&rsquo;il m\u00e9rite<\/span><\/h4><p style=\"text-align: center;\">Bien plus qu&rsquo;un moment de d\u00e9tente, c&rsquo;est une v\u00e9ritable parenth\u00e8se de <b>bien-\u00eatre<\/b>, <b>enveloppante<\/b>, et <b>r\u00e9confortante<\/b>.<\/p><p style=\"text-align: center;\">Faire appel \u00e0 notre <b>expertise<\/b> de kin\u00e9, c&rsquo;est b\u00e9n\u00e9ficier d&rsquo;un soin <b>relaxant<\/b>, r\u00e9alis\u00e9 avec une <b>connaissance<\/b> pr\u00e9cise de l&rsquo;anatomie, du mouvement et des <b>besoins sp\u00e9cifiques<\/b> de chaque femme.\u00a0<\/p><p style=\"text-align: center;\">\u00a0<\/p>\t\t\t\t\t\t\t\t<\/div>\n\t\t\t\t<\/div>\n\t\t\t\t\t<\/div>\n\t\t\t\t<\/div>\n\t\t<div class=\"elementor-element elementor-element-1e51491 e-flex e-con-boxed e-con e-parent\" data-id=\"1e51491\" data-element_type=\"container\" data-e-type=\"container\">\n\t\t\t\t\t<div class=\"e-con-inner\">\n\t\t\t\t<div class=\"elementor-element elementor-element-09bcbac gallery-spacing-custom elementor-hidden-mobile elementor-widget elementor-widget-image-gallery\" data-id=\"09bcbac\" data-element_type=\"widget\" data-e-type=\"widget\" data-widget_type=\"image-gallery.default\">\n\t\t\t\t<div class=\"elementor-widget-container\">\n\t\t\t\t\t\t\t<div class=\"elementor-image-gallery\">\n\t\t\t<div id='gallery-1' class='gallery galleryid-215 gallery-columns-3 gallery-size-thumbnail'><figure class='gallery-item'>\n\t\t\t<div class='gallery-icon portrait'>\n\t\t\t\t<img decoding=\"async\" width=\"48\" height=\"62\" src=\"https:\/\/xn--kinmaternit-dbbi.fr\/wp-content\/uploads\/2025\/06\/icone-3-612b18.svg\" class=\"attachment-thumbnail size-thumbnail\" alt=\"\" \/>\n\t\t\t<\/div><\/figure><figure class='gallery-item'>\n\t\t\t<div class='gallery-icon portrait'>\n\t\t\t\t<img decoding=\"async\" width=\"54\" height=\"56\" src=\"https:\/\/xn--kinmaternit-dbbi.fr\/wp-content\/uploads\/2025\/06\/icone-2-ebe401.svg\" class=\"attachment-thumbnail size-thumbnail\" alt=\"\" \/>\n\t\t\t<\/div><\/figure><figure class='gallery-item'>\n\t\t\t<div class='gallery-icon landscape'>\n\t\t\t\t<img loading=\"lazy\" decoding=\"async\" width=\"61\" height=\"50\" src=\"https:\/\/xn--kinmaternit-dbbi.fr\/wp-content\/uploads\/2025\/06\/icone-0a24c3.svg\" class=\"attachment-thumbnail size-thumbnail\" alt=\"\" \/>\n\t\t\t<\/div><\/figure>\n\t\t<\/div>\n\t\t<\/div>\n\t\t\t\t\t\t<\/div>\n\t\t\t\t<\/div>\n\t\t\t\t\t<\/div>\n\t\t\t\t<\/div>\n\t\t<div class=\"elementor-element elementor-element-3cb4780 e-grid e-con-boxed e-con e-parent\" data-id=\"3cb4780\" data-element_type=\"container\" data-e-type=\"container\">\n\t\t\t\t\t<div class=\"e-con-inner\">\n\t\t\t\t<div class=\"elementor-element elementor-element-3d24556 elementor-widget elementor-widget-text-editor\" data-id=\"3d24556\" data-element_type=\"widget\" data-e-type=\"widget\" data-widget_type=\"text-editor.default\">\n\t\t\t\t<div class=\"elementor-widget-container\">\n\t\t\t\t\t\t\t\t\t<div><div id=\"wp-block-themeisle-blocks-advanced-column-13d4f956\" class=\"wp-block-themeisle-blocks-advanced-column\" style=\"--background: #ffffff; --background-color-hover: #ffffff; --link-color: inherit; background-image: none; background-position: 0% 0%; background-size: auto; background-repeat: repeat; background-attachment: scroll; background-origin: padding-box; background-clip: border-box; transition: 0.3s; position: relative; flex-basis: 33.33%; padding: 20px 20px 0px; margin: 20px; border-width: 0px; border-style: solid; border-radius: 6px; box-shadow: rgba(0, 0, 0, 0.05) 0px 0px 25px 5px; font-family: minal-regular, sans-serif; font-size: 16px; text-align: center;\"><div class=\"wp-block-themeisle-blocks-service\" style=\"position: relative;\"><p><span style=\"font-family: minal-regular; font-size: 14pt; color: #d9a4ae;\">FEMMES ENCEINTE<\/span><\/p><p><span style=\"font-family: minal-regular; font-size: 14pt;\">\u00a0<\/span><\/p><p class=\"p1\"><span style=\"font-family: Arial, Helvetica, sans-serif;\"><span class=\"s1\">La grossesse transforme profond\u00e9ment le corps. <b>Douleurs lombaires, tensions musculaires, fatigue \u00e9motionnelle<\/b>&#8230;\u00a0<\/span><\/span><\/p><p class=\"p1\"><span style=\"font-family: Arial, Helvetica, sans-serif;\">\u00a0<\/span><\/p><p class=\"p1\"><span style=\"font-family: Arial, Helvetica, sans-serif;\">Le massage permet d&rsquo;<b>apaiser<\/b> ces inconforts tout en offrant un moment de <b>connexion<\/b> \u00e0 soi et \u00e0 votre b\u00e9b\u00e9.<\/span><\/p><p class=\"p1\"><span style=\"font-family: Arial, Helvetica, sans-serif;\">\u00a0<\/span><\/p><\/div><\/div><\/div>\t\t\t\t\t\t\t\t<\/div>\n\t\t\t\t<\/div>\n\t\t\t\t<div class=\"elementor-element elementor-element-28d1950 elementor-widget elementor-widget-text-editor\" data-id=\"28d1950\" data-element_type=\"widget\" data-e-type=\"widget\" data-widget_type=\"text-editor.default\">\n\t\t\t\t<div class=\"elementor-widget-container\">\n\t\t\t\t\t\t\t\t\t<div><div style=\"--background: #ffffff; --background-color-hover: #ffffff; --link-color: inherit; background-image: none; background-position: 0% 0%; background-size: auto; background-repeat: repeat; background-attachment: scroll; background-origin: padding-box; background-clip: border-box; transition: 0.3s; position: relative; flex-basis: 33.33%; padding: 20px 20px 0px; margin: 20px; border-width: 0px; border-style: solid; border-radius: 6px; box-shadow: rgba(0, 0, 0, 0.05) 0px 0px 25px 5px; font-family: minal-regular, sans-serif; font-size: 16px; text-align: center;\"><div style=\"position: relative;\"><p><span style=\"font-family: minal-regular; font-size: 14pt; color: #d9a4ae;\">JEUNES MAMANS<\/span><\/p><p><span style=\"font-family: minal-regular; font-size: 14pt;\">\u00a0<\/span><\/p><p><span style=\"font-family: Arial, Helvetica, sans-serif;\">Apr\u00e8s l&rsquo;accouchement, le corps a besoin de <b>r\u00e9cup\u00e9ration<\/b>, mais aussi de <b>douceur<\/b>. Ce massage aide \u00e0 <b>rel\u00e2cher les tensions<\/b> accumul\u00e9es, \u00e0 <b>soulager les douleurs<\/b> posturales li\u00e9es \u00e0 l&rsquo;allaitement ou au portage.<\/span><\/p><p><span style=\"font-family: Arial, Helvetica, sans-serif;\">\u00a0<\/span><\/p><p><span style=\"font-family: Arial, Helvetica, sans-serif;\">Il offre \u00e9galement une pause dans un quotidien souvent rythm\u00e9 et intense.\u00a0\u00a0<\/span><\/p><p><span style=\"font-family: Arial, Helvetica, sans-serif;\">\u00a0<\/span><\/p><\/div><\/div><\/div>\t\t\t\t\t\t\t\t<\/div>\n\t\t\t\t<\/div>\n\t\t\t\t<div class=\"elementor-element elementor-element-fbaf4a6 elementor-widget elementor-widget-text-editor\" data-id=\"fbaf4a6\" data-element_type=\"widget\" data-e-type=\"widget\" data-widget_type=\"text-editor.default\">\n\t\t\t\t<div class=\"elementor-widget-container\">\n\t\t\t\t\t\t\t\t\t<div><div style=\"--background: #ffffff; --background-color-hover: #ffffff; --link-color: inherit; background-image: none; background-position: 0% 0%; background-size: auto; background-repeat: repeat; background-attachment: scroll; background-origin: padding-box; background-clip: border-box; transition: 0.3s; position: relative; flex-basis: 33.33%; padding: 20px 20px 0px; margin: 20px; border-width: 0px; border-style: solid; border-radius: 6px; box-shadow: rgba(0, 0, 0, 0.05) 0px 0px 25px 5px; text-align: center;\"><div style=\"position: relative;\"><p><span style=\"font-family: minal-regular; color: #d9a4ae;\"><span style=\"font-size: 18.6667px;\">FEMMES SPORTIVES<\/span><\/span><\/p><p><span style=\"font-family: minal-regular;\"><span style=\"font-size: 18.6667px;\">\u00a0<\/span><\/span><\/p><p style=\"font-family: minal-regular, sans-serif; font-size: 16px;\"><span style=\"font-family: Arial, Helvetica, sans-serif;\">Le massage californien peut aussi \u00eatre un alli\u00e9 pour les sportives. Gr\u00e2ce \u00e0 des <b>mouvements fluides, lents et profonds<\/b>, il favorise la <b>r\u00e9cup\u00e9ration musculaire<\/b>, am\u00e9liore la <b>circulation<\/b> et aide \u00e0 pr\u00e9venir les <b>tensions<\/b>.\u00a0<\/span><\/p><p style=\"font-family: minal-regular, sans-serif; font-size: 16px;\"><span style=\"font-family: Arial, Helvetica, sans-serif;\">\u00a0<\/span><\/p><p style=\"font-family: minal-regular, sans-serif; font-size: 16px;\"><span style=\"font-family: Arial, Helvetica, sans-serif;\">Notre approche personnalis\u00e9e en tant que kin\u00e9 permet d&rsquo;int\u00e9grer des <b>gestes cibl\u00e9s<\/b> pour accompagner la <b>performance<\/b> sans n\u00e9gliger le <b>rel\u00e2chement<\/b>.\u00a0<\/span><\/p><p style=\"font-family: minal-regular, sans-serif; font-size: 16px;\"><span style=\"font-family: Arial, Helvetica, sans-serif;\">\u00a0<\/span><\/p><\/div><\/div><\/div>\t\t\t\t\t\t\t\t<\/div>\n\t\t\t\t<\/div>\n\t\t\t\t\t<\/div>\n\t\t\t\t<\/div>\n\t\t<div class=\"elementor-element elementor-element-ae0f7cb e-flex e-con-boxed e-con e-parent\" data-id=\"ae0f7cb\" data-element_type=\"container\" data-e-type=\"container\">\n\t\t\t\t\t<div class=\"e-con-inner\">\n\t\t\t\t<div class=\"elementor-element elementor-element-c16d12c elementor-align-center elementor-widget elementor-widget-button\" data-id=\"c16d12c\" data-element_type=\"widget\" data-e-type=\"widget\" data-widget_type=\"button.default\">\n\t\t\t\t<div class=\"elementor-widget-container\">\n\t\t\t\t\t\t\t\t\t<div class=\"elementor-button-wrapper\">\n\t\t\t\t\t<a class=\"elementor-button elementor-button-link elementor-size-sm\" href=\"https:\/\/www.doctolib.fr\/masseur-kinesitherapeute\/baillet-en-france\/aurelie-binet\" target=\"_blank\">\n\t\t\t\t\t\t<span class=\"elementor-button-content-wrapper\">\n\t\t\t\t\t\t\t\t\t<span class=\"elementor-button-text\">PRENDRE RDV<\/span>\n\t\t\t\t\t<\/span>\n\t\t\t\t\t<\/a>\n\t\t\t\t<\/div>\n\t\t\t\t\t\t\t\t<\/div>\n\t\t\t\t<\/div>\n\t\t\t\t\t<\/div>\n\t\t\t\t<\/div>\n\t\t<div class=\"elementor-element elementor-element-c13a439 e-flex e-con-boxed e-con e-parent\" data-id=\"c13a439\" data-element_type=\"container\" data-e-type=\"container\">\n\t\t\t\t\t<div class=\"e-con-inner\">\n\t\t\t\t<div class=\"elementor-element elementor-element-ebb41fd elementor-widget-divider--view-line_icon elementor-widget-divider--separator-type-pattern elementor-widget-divider--no-spacing elementor-view-default elementor-widget-divider--element-align-center elementor-widget elementor-widget-divider\" data-id=\"ebb41fd\" data-element_type=\"widget\" data-e-type=\"widget\" data-widget_type=\"divider.default\">\n\t\t\t\t<div class=\"elementor-widget-container\">\n\t\t\t\t\t\t\t<div class=\"elementor-divider\" style=\"--divider-pattern-url: url(&quot;data:image\/svg+xml,%3Csvg xmlns=&#039;http:\/\/www.w3.org\/2000\/svg&#039; preserveAspectRatio=&#039;xMidYMid meet&#039; overflow=&#039;visible&#039; height=&#039;100%&#039; viewBox=&#039;0 0 120 26&#039; fill=&#039;black&#039; stroke=&#039;none&#039;%3E%3Cpath d=&#039;M11.9,15.9L11.9,15.9L0,16c-0.2-3.7,1.5-5.7,4.9-6C10,9.6,12.4,14.2,11.9,15.9zM26.9,15.9L26.9,15.9L15,16c0.5-3.7,2.5-5.7,5.9-6C26,9.6,27.4,14.2,26.9,15.9z M37.1,10c3.4,0.3,5.1,2.3,4.9,6H30.1C29.5,14.4,31.9,9.6,37.1,10z M57,15.9L57,15.9L45,16c0-3.4,1.6-5.4,4.9-5.9C54.8,9.3,57.4,14.2,57,15.9z M71.9,15.9L71.9,15.9L60,16c-0.2-3.7,1.5-5.7,4.9-6C70,9.6,72.4,14.2,71.9,15.9z M82.2,10c3.4,0.3,5,2.3,4.8,6H75.3C74,13,77.1,9.6,82.2,10zM101.9,15.9L101.9,15.9L90,16c-0.2-3.7,1.5-5.7,4.9-6C100,9.6,102.4,14.2,101.9,15.9z M112.1,10.1c2.7,0.5,4.3,2.5,4.9,5.9h-11.9l0,0C104.5,14.4,108,9.3,112.1,10.1z&#039;\/%3E%3C\/svg%3E&quot;);\">\n\t\t\t<span class=\"elementor-divider-separator\">\n\t\t\t\t\t\t\t<div class=\"elementor-icon elementor-divider__element\">\n\t\t\t\t\t<svg xmlns=\"http:\/\/www.w3.org\/2000\/svg\" id=\"Calque_1\" data-name=\"Calque 1\" viewBox=\"0 0 61.31 50.28\"><defs><style>      .cls-1 {        fill: #dadaef;      }    <\/style><\/defs><path class=\"cls-1\" d=\"M60.54,16.18c-.05-.22-.1-.43-.15-.64C56.51-.22,36.78-5.33,25.63,6.47c-6.84,7.24-12.61,10.91-16.97,13.2C2.68,22.82-.77,29.88.15,36.47c.27,1.91,1.57,3.34,3.12,4.49,4.2,3.1,14.55,8.87,25.44,9.33,2.8.06,38.22-4.12,31.84-34.1Z\"><\/path><\/svg><\/div>\n\t\t\t\t\t\t<\/span>\n\t\t<\/div>\n\t\t\t\t\t\t<\/div>\n\t\t\t\t<\/div>\n\t\t\t\t\t<\/div>\n\t\t\t\t<\/div>\n\t\t<div class=\"elementor-element elementor-element-f670f07 e-flex e-con-boxed e-con e-parent\" data-id=\"f670f07\" data-element_type=\"container\" data-e-type=\"container\">\n\t\t\t\t\t<div class=\"e-con-inner\">\n\t\t\t\t<div class=\"elementor-element elementor-element-544be58 elementor-widget elementor-widget-heading\" data-id=\"544be58\" data-element_type=\"widget\" data-e-type=\"widget\" data-widget_type=\"heading.default\">\n\t\t\t\t<div class=\"elementor-widget-container\">\n\t\t\t\t\t<h2 class=\"elementor-heading-title elementor-size-default\"><p style=\"text-align: center\"><font face=\"minal-regular\"><span style=\"font-size: 30px\">Tarifs<\/span><\/font><\/p><\/h2>\t\t\t\t<\/div>\n\t\t\t\t<\/div>\n\t\t\t\t\t<\/div>\n\t\t\t\t<\/div>\n\t\t<div class=\"elementor-element elementor-element-53cba60 e-grid e-con-full e-con e-parent\" data-id=\"53cba60\" data-element_type=\"container\" data-e-type=\"container\">\n\t\t\t\t<div class=\"elementor-element elementor-element-4781f62 e-transform e-transform elementor-widget elementor-widget-image\" data-id=\"4781f62\" data-element_type=\"widget\" data-e-type=\"widget\" data-settings=\"{&quot;_transform_translateY_effect_mobile&quot;:{&quot;unit&quot;:&quot;px&quot;,&quot;size&quot;:37,&quot;sizes&quot;:[]},&quot;_transform_scale_effect_mobile&quot;:{&quot;unit&quot;:&quot;px&quot;,&quot;size&quot;:2,&quot;sizes&quot;:[]},&quot;_transform_translateX_effect&quot;:{&quot;unit&quot;:&quot;px&quot;,&quot;size&quot;:&quot;&quot;,&quot;sizes&quot;:[]},&quot;_transform_translateX_effect_tablet&quot;:{&quot;unit&quot;:&quot;px&quot;,&quot;size&quot;:&quot;&quot;,&quot;sizes&quot;:[]},&quot;_transform_translateX_effect_mobile&quot;:{&quot;unit&quot;:&quot;px&quot;,&quot;size&quot;:&quot;&quot;,&quot;sizes&quot;:[]},&quot;_transform_translateY_effect&quot;:{&quot;unit&quot;:&quot;px&quot;,&quot;size&quot;:&quot;&quot;,&quot;sizes&quot;:[]},&quot;_transform_translateY_effect_tablet&quot;:{&quot;unit&quot;:&quot;px&quot;,&quot;size&quot;:&quot;&quot;,&quot;sizes&quot;:[]},&quot;_transform_scale_effect&quot;:{&quot;unit&quot;:&quot;px&quot;,&quot;size&quot;:&quot;&quot;,&quot;sizes&quot;:[]},&quot;_transform_scale_effect_tablet&quot;:{&quot;unit&quot;:&quot;px&quot;,&quot;size&quot;:&quot;&quot;,&quot;sizes&quot;:[]}}\" data-widget_type=\"image.default\">\n\t\t\t\t<div class=\"elementor-widget-container\">\n\t\t\t\t\t\t\t\t\t\t\t\t\t\t\t<img loading=\"lazy\" decoding=\"async\" width=\"1024\" height=\"310\" src=\"https:\/\/xn--kinmaternit-dbbi.fr\/wp-content\/uploads\/2025\/06\/Tarifs-Californien-4-1024x310.png\" class=\"attachment-large size-large wp-image-770\" alt=\"\" srcset=\"https:\/\/xn--kinmaternit-dbbi.fr\/wp-content\/uploads\/2025\/06\/Tarifs-Californien-4-1024x310.png 1024w, https:\/\/xn--kinmaternit-dbbi.fr\/wp-content\/uploads\/2025\/06\/Tarifs-Californien-4-300x91.png 300w, https:\/\/xn--kinmaternit-dbbi.fr\/wp-content\/uploads\/2025\/06\/Tarifs-Californien-4-768x233.png 768w, https:\/\/xn--kinmaternit-dbbi.fr\/wp-content\/uploads\/2025\/06\/Tarifs-Californien-4-1536x465.png 1536w, https:\/\/xn--kinmaternit-dbbi.fr\/wp-content\/uploads\/2025\/06\/Tarifs-Californien-4-2048x621.png 2048w\" sizes=\"(max-width: 1024px) 100vw, 1024px\" \/>\t\t\t\t\t\t\t\t\t\t\t\t\t\t\t<\/div>\n\t\t\t\t<\/div>\n\t\t\t\t<\/div>\n\t\t<div class=\"elementor-element elementor-element-0506343 e-flex e-con-boxed e-con e-parent\" data-id=\"0506343\" data-element_type=\"container\" data-e-type=\"container\">\n\t\t\t\t\t<div class=\"e-con-inner\">\n\t\t\t\t<div class=\"elementor-element elementor-element-720176f elementor-widget elementor-widget-spacer\" data-id=\"720176f\" data-element_type=\"widget\" data-e-type=\"widget\" data-widget_type=\"spacer.default\">\n\t\t\t\t<div class=\"elementor-widget-container\">\n\t\t\t\t\t\t\t<div class=\"elementor-spacer\">\n\t\t\t<div class=\"elementor-spacer-inner\"><\/div>\n\t\t<\/div>\n\t\t\t\t\t\t<\/div>\n\t\t\t\t<\/div>\n\t\t\t\t\t<\/div>\n\t\t\t\t<\/div>\n\t\t<div class=\"elementor-element elementor-element-488438b e-flex e-con-boxed e-con e-parent\" data-id=\"488438b\" data-element_type=\"container\" data-e-type=\"container\">\n\t\t\t\t\t<div class=\"e-con-inner\">\n\t\t\t\t<div class=\"elementor-element elementor-element-6af042c elementor-widget-divider--view-line_icon elementor-widget-divider--separator-type-pattern elementor-widget-divider--no-spacing elementor-view-default elementor-widget-divider--element-align-center elementor-widget elementor-widget-divider\" data-id=\"6af042c\" data-element_type=\"widget\" data-e-type=\"widget\" data-widget_type=\"divider.default\">\n\t\t\t\t<div class=\"elementor-widget-container\">\n\t\t\t\t\t\t\t<div class=\"elementor-divider\" style=\"--divider-pattern-url: url(&quot;data:image\/svg+xml,%3Csvg xmlns=&#039;http:\/\/www.w3.org\/2000\/svg&#039; preserveAspectRatio=&#039;xMidYMid meet&#039; overflow=&#039;visible&#039; height=&#039;100%&#039; viewBox=&#039;0 0 120 26&#039; fill=&#039;black&#039; stroke=&#039;none&#039;%3E%3Cpath d=&#039;M11.9,15.9L11.9,15.9L0,16c-0.2-3.7,1.5-5.7,4.9-6C10,9.6,12.4,14.2,11.9,15.9zM26.9,15.9L26.9,15.9L15,16c0.5-3.7,2.5-5.7,5.9-6C26,9.6,27.4,14.2,26.9,15.9z M37.1,10c3.4,0.3,5.1,2.3,4.9,6H30.1C29.5,14.4,31.9,9.6,37.1,10z M57,15.9L57,15.9L45,16c0-3.4,1.6-5.4,4.9-5.9C54.8,9.3,57.4,14.2,57,15.9z M71.9,15.9L71.9,15.9L60,16c-0.2-3.7,1.5-5.7,4.9-6C70,9.6,72.4,14.2,71.9,15.9z M82.2,10c3.4,0.3,5,2.3,4.8,6H75.3C74,13,77.1,9.6,82.2,10zM101.9,15.9L101.9,15.9L90,16c-0.2-3.7,1.5-5.7,4.9-6C100,9.6,102.4,14.2,101.9,15.9z M112.1,10.1c2.7,0.5,4.3,2.5,4.9,5.9h-11.9l0,0C104.5,14.4,108,9.3,112.1,10.1z&#039;\/%3E%3C\/svg%3E&quot;);\">\n\t\t\t<span class=\"elementor-divider-separator\">\n\t\t\t\t\t\t\t<div class=\"elementor-icon elementor-divider__element\">\n\t\t\t\t\t<svg xmlns=\"http:\/\/www.w3.org\/2000\/svg\" id=\"Calque_1\" data-name=\"Calque 1\" viewBox=\"0 0 61.31 50.28\"><defs><style>      .cls-1 {        fill: #dadaef;      }    <\/style><\/defs><path class=\"cls-1\" d=\"M60.54,16.18c-.05-.22-.1-.43-.15-.64C56.51-.22,36.78-5.33,25.63,6.47c-6.84,7.24-12.61,10.91-16.97,13.2C2.68,22.82-.77,29.88.15,36.47c.27,1.91,1.57,3.34,3.12,4.49,4.2,3.1,14.55,8.87,25.44,9.33,2.8.06,38.22-4.12,31.84-34.1Z\"><\/path><\/svg><\/div>\n\t\t\t\t\t\t<\/span>\n\t\t<\/div>\n\t\t\t\t\t\t<\/div>\n\t\t\t\t<\/div>\n\t\t\t\t\t<\/div>\n\t\t\t\t<\/div>\n\t\t\t\t<\/div>\n\t\t","protected":false},"excerpt":{"rendered":"<p>Massage Californien Offrez \u00e0 votre corps ce qu&rsquo;il m\u00e9rite Bien plus qu&rsquo;un moment de d\u00e9tente, c&rsquo;est une v\u00e9ritable parenth\u00e8se de bien-\u00eatre, enveloppante, et r\u00e9confortante. Faire appel \u00e0 notre expertise de kin\u00e9, c&rsquo;est b\u00e9n\u00e9ficier d&rsquo;un soin relaxant, r\u00e9alis\u00e9 avec une connaissance pr\u00e9cise de l&rsquo;anatomie, du mouvement et des besoins sp\u00e9cifiques de chaque femme.\u00a0 \u00a0 FEMMES ENCEINTE&hellip;&nbsp;<a href=\"https:\/\/xn--kinmaternit-dbbi.fr\/index.php\/massage-californien\/\" rel=\"bookmark\"><span class=\"screen-reader-text\">Massage Californien<\/span><\/a><\/p>\n","protected":false},"author":1,"featured_media":0,"parent":0,"menu_order":0,"comment_status":"closed","ping_status":"closed","template":"page-templates\/template-pagebuilder-full-width.php","meta":{"neve_meta_sidebar":"","neve_meta_container":"","neve_meta_enable_content_width":"","neve_meta_content_width":0,"neve_meta_title_alignment":"","neve_meta_author_avatar":"","neve_post_elements_order":"","neve_meta_disable_header":"","neve_meta_disable_footer":"","neve_meta_disable_title":"","_themeisle_gutenberg_block_has_review":false,"footnotes":""},"class_list":["post-215","page","type-page","status-publish","hentry"],"_links":{"self":[{"href":"https:\/\/xn--kinmaternit-dbbi.fr\/index.php\/wp-json\/wp\/v2\/pages\/215","targetHints":{"allow":["GET"]}}],"collection":[{"href":"https:\/\/xn--kinmaternit-dbbi.fr\/index.php\/wp-json\/wp\/v2\/pages"}],"about":[{"href":"https:\/\/xn--kinmaternit-dbbi.fr\/index.php\/wp-json\/wp\/v2\/types\/page"}],"author":[{"embeddable":true,"href":"https:\/\/xn--kinmaternit-dbbi.fr\/index.php\/wp-json\/wp\/v2\/users\/1"}],"replies":[{"embeddable":true,"href":"https:\/\/xn--kinmaternit-dbbi.fr\/index.php\/wp-json\/wp\/v2\/comments?post=215"}],"version-history":[{"count":49,"href":"https:\/\/xn--kinmaternit-dbbi.fr\/index.php\/wp-json\/wp\/v2\/pages\/215\/revisions"}],"predecessor-version":[{"id":819,"href":"https:\/\/xn--kinmaternit-dbbi.fr\/index.php\/wp-json\/wp\/v2\/pages\/215\/revisions\/819"}],"wp:attachment":[{"href":"https:\/\/xn--kinmaternit-dbbi.fr\/index.php\/wp-json\/wp\/v2\/media?parent=215"}],"curies":[{"name":"wp","href":"https:\/\/api.w.org\/{rel}","templated":true}]}}