{"id":216,"date":"2025-06-04T16:08:25","date_gmt":"2025-06-04T14:08:25","guid":{"rendered":"http:\/\/www.xn--kinmaternit-dbbi.fr\/?page_id=216"},"modified":"2025-12-02T11:09:58","modified_gmt":"2025-12-02T10:09:58","slug":"qui-sommes-nous","status":"publish","type":"page","link":"https:\/\/xn--kinmaternit-dbbi.fr\/index.php\/qui-sommes-nous\/","title":{"rendered":"Qui sommes-nous ?"},"content":{"rendered":"\t\t<div data-elementor-type=\"wp-page\" data-elementor-id=\"216\" class=\"elementor elementor-216\">\n\t\t\t\t<div class=\"elementor-element elementor-element-10bcf5d e-flex e-con-boxed e-con e-parent\" data-id=\"10bcf5d\" data-element_type=\"container\" data-e-type=\"container\">\n\t\t\t\t\t<div class=\"e-con-inner\">\n\t\t\t\t<div class=\"elementor-element elementor-element-db41112 elementor-widget elementor-widget-heading\" data-id=\"db41112\" data-element_type=\"widget\" data-e-type=\"widget\" data-widget_type=\"heading.default\">\n\t\t\t\t<div class=\"elementor-widget-container\">\n\t\t\t\t\t<h2 class=\"elementor-heading-title elementor-size-default\">Qui sommes-nous ?<\/h2>\t\t\t\t<\/div>\n\t\t\t\t<\/div>\n\t\t\t\t\t<\/div>\n\t\t\t\t<\/div>\n\t\t<div class=\"elementor-element elementor-element-441e6f2 e-grid e-con-boxed e-con e-parent\" data-id=\"441e6f2\" data-element_type=\"container\" data-e-type=\"container\">\n\t\t\t\t\t<div class=\"e-con-inner\">\n\t\t\t\t<div class=\"elementor-element elementor-element-3a7f71b elementor-widget elementor-widget-image\" data-id=\"3a7f71b\" data-element_type=\"widget\" data-e-type=\"widget\" data-widget_type=\"image.default\">\n\t\t\t\t<div class=\"elementor-widget-container\">\n\t\t\t\t\t\t\t\t\t\t\t\t\t\t\t<img fetchpriority=\"high\" decoding=\"async\" width=\"930\" height=\"620\" src=\"https:\/\/xn--kinmaternit-dbbi.fr\/wp-content\/uploads\/2025\/12\/Photo-MA-montage-930x620.png\" class=\"attachment-neve-blog size-neve-blog wp-image-836\" alt=\"\" \/>\t\t\t\t\t\t\t\t\t\t\t\t\t\t\t<\/div>\n\t\t\t\t<\/div>\n\t\t\t\t<div class=\"elementor-element elementor-element-63d78e0 elementor-widget elementor-widget-text-editor\" data-id=\"63d78e0\" data-element_type=\"widget\" data-e-type=\"widget\" data-widget_type=\"text-editor.default\">\n\t\t\t\t<div class=\"elementor-widget-container\">\n\t\t\t\t\t\t\t\t\t<p style=\"text-align: center;\">Deux kin\u00e9s, une passion :&nbsp;<\/p>\n<p style=\"text-align: center;\">vous accompagner avec douceur et bienveillance<\/p>\n<p class=\"p1\">\n<\/p>\t\t\t\t\t\t\t\t<\/div>\n\t\t\t\t<\/div>\n\t\t\t\t\t<\/div>\n\t\t\t\t<\/div>\n\t\t<div class=\"elementor-element elementor-element-b805c2a e-grid e-con-boxed e-con e-parent\" data-id=\"b805c2a\" data-element_type=\"container\" data-e-type=\"container\">\n\t\t\t\t\t<div class=\"e-con-inner\">\n\t\t\t\t<div class=\"elementor-element elementor-element-e69e8da elementor-widget elementor-widget-text-editor\" data-id=\"e69e8da\" data-element_type=\"widget\" data-e-type=\"widget\" data-widget_type=\"text-editor.default\">\n\t\t\t\t<div class=\"elementor-widget-container\">\n\t\t\t\t\t\t\t\t\t<p class=\"p1\"><span class=\"s1\">Depuis plus de 20 ans, nous sommes kin\u00e9sith\u00e9rapeutes, <b>passionn\u00e9es<\/b> par l\u2019accompagnement des femmes et de leurs b\u00e9b\u00e9s tout au long du merveilleux voyage de la maternit\u00e9.<\/span><\/p>\n<p class=\"p1\"><span class=\"s1\">Form\u00e9es en <b><a href=\"http:\/\/www.xn--kinmaternit-dbbi.fr\/index.php\/yoga\/\">yoga pr\u00e9natal et postnatal<\/a><\/b>, en <b><a href=\"http:\/\/www.xn--kinmaternit-dbbi.fr\/index.php\/massage-californien\/\">massage pour adultes<\/a><\/b> et pour <b><a href=\"http:\/\/www.xn--kinmaternit-dbbi.fr\/index.php\/massage-bebe\/\">b\u00e9b\u00e9s<\/a><\/b>, nous vous proposons un espace d\u00e9di\u00e9 \u00e0 votre&nbsp;<\/span><span style=\"letter-spacing: 0.3px;\">bien-\u00eatre, \u00e0 votre \u00e9coute, o\u00f9 chaque moment est pens\u00e9 pour vous apporter douceur, r\u00e9confort et confiance.<\/span><\/p>\n<p class=\"p1\"><span class=\"s1\">Nous croyons que chaque femme m\u00e9rite un accompagnement <b>personnalis\u00e9<\/b>, <b>respectueux<\/b> de son corps, de ses <b>besoins<\/b>, et de son <b>rythme<\/b>. Qu\u2019il s\u2019agisse de vous pr\u00e9parer sereinement \u00e0 <b>la naissance<\/b>, de retrouver votre <b>\u00e9quilibre<\/b> apr\u00e8s l\u2019accouchement, de <b>prendre soin<\/b> de votre b\u00e9b\u00e9 ou simplement de vous offrir un <b>instant pour vous<\/b>, nous sommes l\u00e0 avec le sourire, la bienveillance, et la comp\u00e9tence que nous avons cultiv\u00e9e au fil des ann\u00e9es.<\/span><\/p>\n<p class=\"p1\"><span class=\"s1\">Nous mettons un point d\u2019honneur \u00e0 cr\u00e9er un <b>lien authentique<\/b> avec chacune des personnes que nous accompagnons. Ici, pas de pr\u00e9cipitation : <b>juste du temps pour vous<\/b>, de l\u2019\u00e9coute, et une attention particuli\u00e8re port\u00e9e \u00e0 chaque geste.<\/span><\/p>\n<h2><span class=\"s1\" style=\"font-weight: normal;\">Bienvenue dans notre univers, o\u00f9 maternit\u00e9 rime avec s\u00e9r\u00e9nit\u00e9, et o\u00f9 chaque soin est une rencontre.<\/span><\/h2>\t\t\t\t\t\t\t\t<\/div>\n\t\t\t\t<\/div>\n\t\t\t\t\t<\/div>\n\t\t\t\t<\/div>\n\t\t<div class=\"elementor-element elementor-element-5541abc e-grid e-con-boxed e-con e-parent\" data-id=\"5541abc\" data-element_type=\"container\" data-e-type=\"container\">\n\t\t\t\t\t<div class=\"e-con-inner\">\n\t\t\t\t<div class=\"elementor-element elementor-element-c8789db elementor-widget-divider--view-line_icon elementor-widget-divider--separator-type-pattern elementor-widget-divider--no-spacing elementor-view-default elementor-widget-divider--element-align-center elementor-widget elementor-widget-divider\" data-id=\"c8789db\" data-element_type=\"widget\" data-e-type=\"widget\" data-widget_type=\"divider.default\">\n\t\t\t\t<div class=\"elementor-widget-container\">\n\t\t\t\t\t\t\t<div class=\"elementor-divider\" style=\"--divider-pattern-url: url(&quot;data:image\/svg+xml,%3Csvg xmlns=&#039;http:\/\/www.w3.org\/2000\/svg&#039; preserveAspectRatio=&#039;xMidYMid meet&#039; overflow=&#039;visible&#039; height=&#039;100%&#039; viewBox=&#039;0 0 120 26&#039; fill=&#039;black&#039; stroke=&#039;none&#039;%3E%3Cpath d=&#039;M11.9,15.9L11.9,15.9L0,16c-0.2-3.7,1.5-5.7,4.9-6C10,9.6,12.4,14.2,11.9,15.9zM26.9,15.9L26.9,15.9L15,16c0.5-3.7,2.5-5.7,5.9-6C26,9.6,27.4,14.2,26.9,15.9z M37.1,10c3.4,0.3,5.1,2.3,4.9,6H30.1C29.5,14.4,31.9,9.6,37.1,10z M57,15.9L57,15.9L45,16c0-3.4,1.6-5.4,4.9-5.9C54.8,9.3,57.4,14.2,57,15.9z M71.9,15.9L71.9,15.9L60,16c-0.2-3.7,1.5-5.7,4.9-6C70,9.6,72.4,14.2,71.9,15.9z M82.2,10c3.4,0.3,5,2.3,4.8,6H75.3C74,13,77.1,9.6,82.2,10zM101.9,15.9L101.9,15.9L90,16c-0.2-3.7,1.5-5.7,4.9-6C100,9.6,102.4,14.2,101.9,15.9z M112.1,10.1c2.7,0.5,4.3,2.5,4.9,5.9h-11.9l0,0C104.5,14.4,108,9.3,112.1,10.1z&#039;\/%3E%3C\/svg%3E&quot;);\">\n\t\t\t<span class=\"elementor-divider-separator\">\n\t\t\t\t\t\t\t<div class=\"elementor-icon elementor-divider__element\">\n\t\t\t\t\t<svg xmlns=\"http:\/\/www.w3.org\/2000\/svg\" id=\"Calque_1\" data-name=\"Calque 1\" viewBox=\"0 0 61.31 50.28\"><defs><style>      .cls-1 {        fill: #dadaef;      }    <\/style><\/defs><path class=\"cls-1\" d=\"M60.54,16.18c-.05-.22-.1-.43-.15-.64C56.51-.22,36.78-5.33,25.63,6.47c-6.84,7.24-12.61,10.91-16.97,13.2C2.68,22.82-.77,29.88.15,36.47c.27,1.91,1.57,3.34,3.12,4.49,4.2,3.1,14.55,8.87,25.44,9.33,2.8.06,38.22-4.12,31.84-34.1Z\"><\/path><\/svg><\/div>\n\t\t\t\t\t\t<\/span>\n\t\t<\/div>\n\t\t\t\t\t\t<\/div>\n\t\t\t\t<\/div>\n\t\t\t\t<div class=\"elementor-element elementor-element-c0869a8 elementor-widget elementor-widget-heading\" data-id=\"c0869a8\" data-element_type=\"widget\" data-e-type=\"widget\" data-widget_type=\"heading.default\">\n\t\t\t\t<div class=\"elementor-widget-container\">\n\t\t\t\t\t<h2 class=\"elementor-heading-title elementor-size-default\">O\u00f9 nous trouver ? <\/h2>\t\t\t\t<\/div>\n\t\t\t\t<\/div>\n\t\t<div class=\"elementor-element elementor-element-f4fef06 e-con-full e-flex e-con e-child\" data-id=\"f4fef06\" data-element_type=\"container\" data-e-type=\"container\">\n\t\t\t\t<div class=\"elementor-element elementor-element-6808ea7 elementor-widget elementor-widget-google_maps\" data-id=\"6808ea7\" data-element_type=\"widget\" data-e-type=\"widget\" data-widget_type=\"google_maps.default\">\n\t\t\t\t<div class=\"elementor-widget-container\">\n\t\t\t\t\t\t\t<div class=\"elementor-custom-embed\">\n\t\t\t<iframe loading=\"lazy\"\n\t\t\t\t\tsrc=\"https:\/\/maps.google.com\/maps?q=12%20Rue%20du%20Pont%20de%20Baillet%2C%2095560%20Baillet-en-France&#038;t=m&#038;z=13&#038;output=embed&#038;iwloc=near\"\n\t\t\t\t\ttitle=\"12 Rue du Pont de Baillet, 95560 Baillet-en-France\"\n\t\t\t\t\taria-label=\"12 Rue du Pont de Baillet, 95560 Baillet-en-France\"\n\t\t\t><\/iframe>\n\t\t<\/div>\n\t\t\t\t\t\t<\/div>\n\t\t\t\t<\/div>\n\t\t\t\t<\/div>\n\t\t\t\t<div class=\"elementor-element elementor-element-2ed7897 elementor-widget-divider--view-line_icon elementor-widget-divider--separator-type-pattern elementor-widget-divider--no-spacing elementor-view-default elementor-widget-divider--element-align-center elementor-widget elementor-widget-divider\" data-id=\"2ed7897\" data-element_type=\"widget\" data-e-type=\"widget\" data-widget_type=\"divider.default\">\n\t\t\t\t<div class=\"elementor-widget-container\">\n\t\t\t\t\t\t\t<div class=\"elementor-divider\" style=\"--divider-pattern-url: url(&quot;data:image\/svg+xml,%3Csvg xmlns=&#039;http:\/\/www.w3.org\/2000\/svg&#039; preserveAspectRatio=&#039;xMidYMid meet&#039; overflow=&#039;visible&#039; height=&#039;100%&#039; viewBox=&#039;0 0 120 26&#039; fill=&#039;black&#039; stroke=&#039;none&#039;%3E%3Cpath d=&#039;M11.9,15.9L11.9,15.9L0,16c-0.2-3.7,1.5-5.7,4.9-6C10,9.6,12.4,14.2,11.9,15.9zM26.9,15.9L26.9,15.9L15,16c0.5-3.7,2.5-5.7,5.9-6C26,9.6,27.4,14.2,26.9,15.9z M37.1,10c3.4,0.3,5.1,2.3,4.9,6H30.1C29.5,14.4,31.9,9.6,37.1,10z M57,15.9L57,15.9L45,16c0-3.4,1.6-5.4,4.9-5.9C54.8,9.3,57.4,14.2,57,15.9z M71.9,15.9L71.9,15.9L60,16c-0.2-3.7,1.5-5.7,4.9-6C70,9.6,72.4,14.2,71.9,15.9z M82.2,10c3.4,0.3,5,2.3,4.8,6H75.3C74,13,77.1,9.6,82.2,10zM101.9,15.9L101.9,15.9L90,16c-0.2-3.7,1.5-5.7,4.9-6C100,9.6,102.4,14.2,101.9,15.9z M112.1,10.1c2.7,0.5,4.3,2.5,4.9,5.9h-11.9l0,0C104.5,14.4,108,9.3,112.1,10.1z&#039;\/%3E%3C\/svg%3E&quot;);\">\n\t\t\t<span class=\"elementor-divider-separator\">\n\t\t\t\t\t\t\t<div class=\"elementor-icon elementor-divider__element\">\n\t\t\t\t\t<svg xmlns=\"http:\/\/www.w3.org\/2000\/svg\" id=\"Calque_1\" data-name=\"Calque 1\" viewBox=\"0 0 61.31 50.28\"><defs><style>      .cls-1 {        fill: #dadaef;      }    <\/style><\/defs><path class=\"cls-1\" d=\"M60.54,16.18c-.05-.22-.1-.43-.15-.64C56.51-.22,36.78-5.33,25.63,6.47c-6.84,7.24-12.61,10.91-16.97,13.2C2.68,22.82-.77,29.88.15,36.47c.27,1.91,1.57,3.34,3.12,4.49,4.2,3.1,14.55,8.87,25.44,9.33,2.8.06,38.22-4.12,31.84-34.1Z\"><\/path><\/svg><\/div>\n\t\t\t\t\t\t<\/span>\n\t\t<\/div>\n\t\t\t\t\t\t<\/div>\n\t\t\t\t<\/div>\n\t\t\t\t\t<\/div>\n\t\t\t\t<\/div>\n\t\t<div class=\"elementor-element elementor-element-5c5d537 e-flex e-con-boxed e-con e-parent\" data-id=\"5c5d537\" data-element_type=\"container\" data-e-type=\"container\">\n\t\t\t\t\t<div class=\"e-con-inner\">\n\t\t\t\t\t<\/div>\n\t\t\t\t<\/div>\n\t\t\t\t<\/div>\n\t\t","protected":false},"excerpt":{"rendered":"<p>Qui sommes-nous ? Deux kin\u00e9s, une passion :&nbsp; vous accompagner avec douceur et bienveillance Depuis plus de 20 ans, nous sommes kin\u00e9sith\u00e9rapeutes, passionn\u00e9es par l\u2019accompagnement des femmes et de leurs b\u00e9b\u00e9s tout au long du merveilleux voyage de la maternit\u00e9. Form\u00e9es en yoga pr\u00e9natal et postnatal, en massage pour adultes et pour b\u00e9b\u00e9s, nous vous&hellip;&nbsp;<a href=\"https:\/\/xn--kinmaternit-dbbi.fr\/index.php\/qui-sommes-nous\/\" rel=\"bookmark\"><span class=\"screen-reader-text\">Qui sommes-nous ?<\/span><\/a><\/p>\n","protected":false},"author":1,"featured_media":0,"parent":0,"menu_order":0,"comment_status":"closed","ping_status":"closed","template":"page-templates\/template-pagebuilder-full-width.php","meta":{"neve_meta_sidebar":"","neve_meta_container":"","neve_meta_enable_content_width":"","neve_meta_content_width":0,"neve_meta_title_alignment":"","neve_meta_author_avatar":"","neve_post_elements_order":"","neve_meta_disable_header":"","neve_meta_disable_footer":"","neve_meta_disable_title":"","_themeisle_gutenberg_block_has_review":false,"footnotes":""},"class_list":["post-216","page","type-page","status-publish","hentry"],"_links":{"self":[{"href":"https:\/\/xn--kinmaternit-dbbi.fr\/index.php\/wp-json\/wp\/v2\/pages\/216","targetHints":{"allow":["GET"]}}],"collection":[{"href":"https:\/\/xn--kinmaternit-dbbi.fr\/index.php\/wp-json\/wp\/v2\/pages"}],"about":[{"href":"https:\/\/xn--kinmaternit-dbbi.fr\/index.php\/wp-json\/wp\/v2\/types\/page"}],"author":[{"embeddable":true,"href":"https:\/\/xn--kinmaternit-dbbi.fr\/index.php\/wp-json\/wp\/v2\/users\/1"}],"replies":[{"embeddable":true,"href":"https:\/\/xn--kinmaternit-dbbi.fr\/index.php\/wp-json\/wp\/v2\/comments?post=216"}],"version-history":[{"count":52,"href":"https:\/\/xn--kinmaternit-dbbi.fr\/index.php\/wp-json\/wp\/v2\/pages\/216\/revisions"}],"predecessor-version":[{"id":839,"href":"https:\/\/xn--kinmaternit-dbbi.fr\/index.php\/wp-json\/wp\/v2\/pages\/216\/revisions\/839"}],"wp:attachment":[{"href":"https:\/\/xn--kinmaternit-dbbi.fr\/index.php\/wp-json\/wp\/v2\/media?parent=216"}],"curies":[{"name":"wp","href":"https:\/\/api.w.org\/{rel}","templated":true}]}}